{"id":515,"date":"2017-05-09T15:10:00","date_gmt":"2017-05-09T13:10:00","guid":{"rendered":"http:\/\/www.fuchsdesign.it\/?page_id=515\/"},"modified":"2018-06-25T15:30:50","modified_gmt":"2018-06-25T13:30:50","slug":"impressum","status":"publish","type":"page","link":"https:\/\/www.fuchsdesign.it\/it\/impressum\/","title":{"rendered":"Impressum"},"content":{"rendered":"[vc_row][vc_column][mk_fancy_title size=&#8221;35&#8243; font_family=&#8221;none&#8221;]Impressum[\/mk_fancy_title][vc_column_text css=&#8221;.vc_custom_1529933447718{margin-bottom: 0px !important;}&#8221;]<strong>Proprietario e responsabile per il contenuto:<br \/>\n<\/strong>Fuchsdesign<br \/>\nDolomitenstra\u00dfe 25a, 39034 Toblach<br \/>\nTel +39 0474 979048<br \/>\ninfo@fuchsdesign.it<br \/>\n<a title=\"Webdesign Suedtirol Fuchsdesign\" href=\"https:\/\/www.fuchsdesign.it\/\">www.fuchsdesign.it<\/a><br \/>\nMwSt.Nr. 02513540217<\/p>\n<p><strong>Realizzazione, Concetto &amp; Design:<br \/>\n<\/strong>Fuchsdesign<br \/>\nVia Dolomiti 25a, 39034 Dobbiaco<br \/>\nTel +39 0474 979048<br \/>\ninfo@fuchsdesign.it<br \/>\n<a title=\"Webdesign Suedtirol Fuchsdesign\" href=\"https:\/\/www.fuchsdesign.it\/\">www.fuchsdesign.it<\/a><\/p>\n<p><strong>Avviso di responsabilit\u00e0:<\/strong><br \/>\nI marchi e le societ\u00e0 citate su questo sito sono di propriet\u00e0 del apposito titolare.<br \/>\nNonostante l\u2019attento controllo dei contenuti, non assumiamo nessuna responsabilit\u00e0 per i contenuti relativi a link esterni. Sono responsabili per il contenuto delle pagine collegate esclusivamente i gestori delle pagine stesse.<\/p>\n<p><strong>Informazione obbligatoria ai sensi del Regolamento UE n. 524\/2016 del Parlamento europeo e del Consiglio<\/strong><br \/>\nPiattaforma per la risoluzione delle controversie online dei consumatori (ODR) della Commissione europea:\u00a0<a href=\"http:\/\/ec.europa.eu\/consumers\/odr\/\" target=\"_blank\" rel=\"noopener noreferrer\">http:\/\/ec.europa.eu\/consumers\/odr\/<\/a>[\/vc_column_text][\/vc_column][\/vc_row]\n","protected":false},"excerpt":{"rendered":"<p>[vc_row][vc_column][mk_fancy_title size=&#8221;35&#8243; font_family=&#8221;none&#8221;]Impressum[\/mk_fancy_title][vc_column_text css=&#8221;.vc_custom_1529933447718{margin-bottom: 0px !important;}&#8221;]Proprietario e responsabile per il contenuto: Fuchsdesign Dolomitenstra\u00dfe 25a, 39034 Toblach Tel +39 0474 979048 info@fuchsdesign.it www.fuchsdesign.it MwSt.Nr. 02513540217 Realizzazione, Concetto &amp; Design: Fuchsdesign Via Dolomiti 25a, 39034 Dobbiaco Tel +39 0474 979048 info@fuchsdesign.it www.fuchsdesign.it Avviso di responsabilit\u00e0: I marchi e le societ\u00e0 citate su questo sito sono di propriet\u00e0 [&hellip;]<\/p>\n","protected":false},"author":1,"featured_media":0,"parent":0,"menu_order":0,"comment_status":"closed","ping_status":"closed","template":"","meta":{"footnotes":""},"class_list":["post-515","page","type-page","status-publish","hentry"],"yoast_head":"<!-- This site is optimized with the Yoast SEO plugin v25.6 - https:\/\/yoast.com\/wordpress\/plugins\/seo\/ -->\n<title>Impressum - Siti internet Webdesign Alto Adige Grafica Fuchsdesign<\/title>\n<meta name=\"robots\" content=\"index, nofollow, max-snippet:-1, max-image-preview:large, max-video-preview:-1\" \/>\n<link rel=\"canonical\" href=\"https:\/\/www.fuchsdesign.it\/it\/impressum\/\" \/>\n<meta property=\"og:locale\" content=\"it_IT\" \/>\n<meta property=\"og:type\" content=\"article\" \/>\n<meta property=\"og:title\" content=\"Impressum - Siti internet Webdesign Alto Adige Grafica Fuchsdesign\" \/>\n<meta property=\"og:description\" content=\"[vc_row][vc_column][mk_fancy_title size=&#8221;35&#8243; font_family=&#8221;none&#8221;]Impressum[\/mk_fancy_title][vc_column_text css=&#8221;.vc_custom_1529933447718{margin-bottom: 0px !important;}&#8221;]Proprietario e responsabile per il contenuto: Fuchsdesign Dolomitenstra\u00dfe 25a, 39034 Toblach Tel +39 0474 979048 info@fuchsdesign.it www.fuchsdesign.it MwSt.Nr. 02513540217 Realizzazione, Concetto &amp; Design: Fuchsdesign Via Dolomiti 25a, 39034 Dobbiaco Tel +39 0474 979048 info@fuchsdesign.it www.fuchsdesign.it Avviso di responsabilit\u00e0: I marchi e le societ\u00e0 citate su questo sito sono di propriet\u00e0 [&hellip;]\" \/>\n<meta property=\"og:url\" content=\"https:\/\/www.fuchsdesign.it\/it\/impressum\/\" \/>\n<meta property=\"og:site_name\" content=\"Siti internet Webdesign Alto Adige Grafica Fuchsdesign\" \/>\n<meta property=\"article:modified_time\" content=\"2018-06-25T13:30:50+00:00\" \/>\n<meta name=\"twitter:card\" content=\"summary_large_image\" \/>\n<meta name=\"twitter:label1\" content=\"Tempo di lettura stimato\" \/>\n\t<meta name=\"twitter:data1\" content=\"1 minuto\" \/>\n<script type=\"application\/ld+json\" class=\"yoast-schema-graph\">{\"@context\":\"https:\/\/schema.org\",\"@graph\":[{\"@type\":\"WebPage\",\"@id\":\"https:\/\/www.fuchsdesign.it\/it\/impressum\/\",\"url\":\"https:\/\/www.fuchsdesign.it\/it\/impressum\/\",\"name\":\"Impressum - Siti internet Webdesign Alto Adige Grafica Fuchsdesign\",\"isPartOf\":{\"@id\":\"https:\/\/www.fuchsdesign.it\/#website\"},\"datePublished\":\"2017-05-09T13:10:00+00:00\",\"dateModified\":\"2018-06-25T13:30:50+00:00\",\"breadcrumb\":{\"@id\":\"https:\/\/www.fuchsdesign.it\/it\/impressum\/#breadcrumb\"},\"inLanguage\":\"it-IT\",\"potentialAction\":[{\"@type\":\"ReadAction\",\"target\":[\"https:\/\/www.fuchsdesign.it\/it\/impressum\/\"]}]},{\"@type\":\"BreadcrumbList\",\"@id\":\"https:\/\/www.fuchsdesign.it\/it\/impressum\/#breadcrumb\",\"itemListElement\":[{\"@type\":\"ListItem\",\"position\":1,\"name\":\"Startseite\",\"item\":\"https:\/\/www.fuchsdesign.it\/it\/\"},{\"@type\":\"ListItem\",\"position\":2,\"name\":\"Impressum\"}]},{\"@type\":\"WebSite\",\"@id\":\"https:\/\/www.fuchsdesign.it\/#website\",\"url\":\"https:\/\/www.fuchsdesign.it\/\",\"name\":\"Siti internet Webdesign Alto Adige Grafica Fuchsdesign\",\"description\":\"Fuchsdesign sviluppa siti internet e grafica in Alto Adige\",\"publisher\":{\"@id\":\"https:\/\/www.fuchsdesign.it\/#organization\"},\"potentialAction\":[{\"@type\":\"SearchAction\",\"target\":{\"@type\":\"EntryPoint\",\"urlTemplate\":\"https:\/\/www.fuchsdesign.it\/?s={search_term_string}\"},\"query-input\":{\"@type\":\"PropertyValueSpecification\",\"valueRequired\":true,\"valueName\":\"search_term_string\"}}],\"inLanguage\":\"it-IT\"},{\"@type\":\"Organization\",\"@id\":\"https:\/\/www.fuchsdesign.it\/#organization\",\"name\":\"Fuchsdesign\",\"url\":\"https:\/\/www.fuchsdesign.it\/\",\"logo\":{\"@type\":\"ImageObject\",\"inLanguage\":\"it-IT\",\"@id\":\"https:\/\/www.fuchsdesign.it\/#\/schema\/logo\/image\/\",\"url\":\"https:\/\/www.fuchsdesign.it\/wp-content\/uploads\/fuchsdesign-webdesign-suedtirol1.png\",\"contentUrl\":\"https:\/\/www.fuchsdesign.it\/wp-content\/uploads\/fuchsdesign-webdesign-suedtirol1.png\",\"width\":281,\"height\":61,\"caption\":\"Fuchsdesign\"},\"image\":{\"@id\":\"https:\/\/www.fuchsdesign.it\/#\/schema\/logo\/image\/\"}}]}<\/script>\n<!-- \/ Yoast SEO plugin. -->","yoast_head_json":{"title":"Impressum - Siti internet Webdesign Alto Adige Grafica Fuchsdesign","robots":{"index":"index","follow":"nofollow","max-snippet":"max-snippet:-1","max-image-preview":"max-image-preview:large","max-video-preview":"max-video-preview:-1"},"canonical":"https:\/\/www.fuchsdesign.it\/it\/impressum\/","og_locale":"it_IT","og_type":"article","og_title":"Impressum - Siti internet Webdesign Alto Adige Grafica Fuchsdesign","og_description":"[vc_row][vc_column][mk_fancy_title size=&#8221;35&#8243; font_family=&#8221;none&#8221;]Impressum[\/mk_fancy_title][vc_column_text css=&#8221;.vc_custom_1529933447718{margin-bottom: 0px !important;}&#8221;]Proprietario e responsabile per il contenuto: Fuchsdesign Dolomitenstra\u00dfe 25a, 39034 Toblach Tel +39 0474 979048 info@fuchsdesign.it www.fuchsdesign.it MwSt.Nr. 02513540217 Realizzazione, Concetto &amp; Design: Fuchsdesign Via Dolomiti 25a, 39034 Dobbiaco Tel +39 0474 979048 info@fuchsdesign.it www.fuchsdesign.it Avviso di responsabilit\u00e0: I marchi e le societ\u00e0 citate su questo sito sono di propriet\u00e0 [&hellip;]","og_url":"https:\/\/www.fuchsdesign.it\/it\/impressum\/","og_site_name":"Siti internet Webdesign Alto Adige Grafica Fuchsdesign","article_modified_time":"2018-06-25T13:30:50+00:00","twitter_card":"summary_large_image","twitter_misc":{"Tempo di lettura stimato":"1 minuto"},"schema":{"@context":"https:\/\/schema.org","@graph":[{"@type":"WebPage","@id":"https:\/\/www.fuchsdesign.it\/it\/impressum\/","url":"https:\/\/www.fuchsdesign.it\/it\/impressum\/","name":"Impressum - Siti internet Webdesign Alto Adige Grafica Fuchsdesign","isPartOf":{"@id":"https:\/\/www.fuchsdesign.it\/#website"},"datePublished":"2017-05-09T13:10:00+00:00","dateModified":"2018-06-25T13:30:50+00:00","breadcrumb":{"@id":"https:\/\/www.fuchsdesign.it\/it\/impressum\/#breadcrumb"},"inLanguage":"it-IT","potentialAction":[{"@type":"ReadAction","target":["https:\/\/www.fuchsdesign.it\/it\/impressum\/"]}]},{"@type":"BreadcrumbList","@id":"https:\/\/www.fuchsdesign.it\/it\/impressum\/#breadcrumb","itemListElement":[{"@type":"ListItem","position":1,"name":"Startseite","item":"https:\/\/www.fuchsdesign.it\/it\/"},{"@type":"ListItem","position":2,"name":"Impressum"}]},{"@type":"WebSite","@id":"https:\/\/www.fuchsdesign.it\/#website","url":"https:\/\/www.fuchsdesign.it\/","name":"Siti internet Webdesign Alto Adige Grafica Fuchsdesign","description":"Fuchsdesign sviluppa siti internet e grafica in Alto Adige","publisher":{"@id":"https:\/\/www.fuchsdesign.it\/#organization"},"potentialAction":[{"@type":"SearchAction","target":{"@type":"EntryPoint","urlTemplate":"https:\/\/www.fuchsdesign.it\/?s={search_term_string}"},"query-input":{"@type":"PropertyValueSpecification","valueRequired":true,"valueName":"search_term_string"}}],"inLanguage":"it-IT"},{"@type":"Organization","@id":"https:\/\/www.fuchsdesign.it\/#organization","name":"Fuchsdesign","url":"https:\/\/www.fuchsdesign.it\/","logo":{"@type":"ImageObject","inLanguage":"it-IT","@id":"https:\/\/www.fuchsdesign.it\/#\/schema\/logo\/image\/","url":"https:\/\/www.fuchsdesign.it\/wp-content\/uploads\/fuchsdesign-webdesign-suedtirol1.png","contentUrl":"https:\/\/www.fuchsdesign.it\/wp-content\/uploads\/fuchsdesign-webdesign-suedtirol1.png","width":281,"height":61,"caption":"Fuchsdesign"},"image":{"@id":"https:\/\/www.fuchsdesign.it\/#\/schema\/logo\/image\/"}}]}},"_links":{"self":[{"href":"https:\/\/www.fuchsdesign.it\/it\/wp-json\/wp\/v2\/pages\/515","targetHints":{"allow":["GET"]}}],"collection":[{"href":"https:\/\/www.fuchsdesign.it\/it\/wp-json\/wp\/v2\/pages"}],"about":[{"href":"https:\/\/www.fuchsdesign.it\/it\/wp-json\/wp\/v2\/types\/page"}],"author":[{"embeddable":true,"href":"https:\/\/www.fuchsdesign.it\/it\/wp-json\/wp\/v2\/users\/1"}],"replies":[{"embeddable":true,"href":"https:\/\/www.fuchsdesign.it\/it\/wp-json\/wp\/v2\/comments?post=515"}],"version-history":[{"count":3,"href":"https:\/\/www.fuchsdesign.it\/it\/wp-json\/wp\/v2\/pages\/515\/revisions"}],"predecessor-version":[{"id":755,"href":"https:\/\/www.fuchsdesign.it\/it\/wp-json\/wp\/v2\/pages\/515\/revisions\/755"}],"wp:attachment":[{"href":"https:\/\/www.fuchsdesign.it\/it\/wp-json\/wp\/v2\/media?parent=515"}],"curies":[{"name":"wp","href":"https:\/\/api.w.org\/{rel}","templated":true}]}}